{"id":245,"date":"2024-11-11T12:00:54","date_gmt":"2024-11-11T12:00:54","guid":{"rendered":"https:\/\/ahjkancelaria.pl\/?page_id=245"},"modified":"2024-12-09T22:06:33","modified_gmt":"2024-12-09T22:06:33","slug":"prawo-rodzinne","status":"publish","type":"page","link":"https:\/\/ahjkancelaria.pl\/?page_id=245","title":{"rendered":"Prawo rodzinne"},"content":{"rendered":"\n<div style=\"height:35px\" aria-hidden=\"true\" class=\"wp-block-spacer\"><\/div>\n\n\n\n<p class=\"has-accent-4-color has-text-color has-link-color has-lato-font-family wp-elements-373a2e3fb0cd47f496602b2fdc8a003a\" id=\"prawo-rodzinne\" style=\"font-size:clamp(0.984rem, 0.984rem + ((1vw - 0.2rem) * 0.86), 1.5rem);font-style:normal;font-weight:300\">Prawo rodzinne<\/p>\n\n\n\n<p style=\"font-style:normal;font-weight:300\">Rozpad rodziny to zawsze trudne do\u015bwiadczenie, wymagaj\u0105ce od pe\u0142nomocnika z jednej strony empatii, z drugiej trze\u017awego ogl\u0105du sytuacji. To wszystko oferuj\u0119 moim klientom. Sama b\u0119d\u0105c rodzicem, szczeg\u00f3ln\u0105 wag\u0119 przyk\u0142adam do dobra ma\u0142oletnich dzieci, ka\u017cdorazowo proponuj\u0105c rozwi\u0105zania dostosowane do ich wieku i potrzeb.<\/p>\n\n\n\n<p style=\"margin-top:var(--wp--preset--spacing--10);margin-bottom:var(--wp--preset--spacing--10);font-style:normal;font-weight:300\">\u015awiadcz\u0119 pomoc prawn\u0105 w zakresie nast\u0119puj\u0105cych spraw rodzinnych, w tym z aspektem mi\u0119dzynarodowym:<\/p>\n\n\n\n<ul class=\"wp-block-list\">\n<li style=\"font-style:normal;font-weight:300\">rozw\u00f3d, separacja, uniewa\u017cnienie ma\u0142\u017ce\u0144stwa;<\/li>\n\n\n\n<li style=\"font-style:normal;font-weight:300\">w\u0142adza rodzicielsk\u0105;<\/li>\n\n\n\n<li style=\"font-style:normal;font-weight:300\">ustalenie i zniesienie aliment\u00f3w;<\/li>\n\n\n\n<li style=\"font-style:normal;font-weight:300\">kontakty z dzie\u0107mi (wnukami);<\/li>\n\n\n\n<li style=\"font-style:normal;font-weight:300\">ustalenie i zaprzeczenie ojcostwa;<\/li>\n\n\n\n<li style=\"font-style:normal;font-weight:300\">ubezw\u0142asnowolnienie<\/li>\n<\/ul>\n\n\n\n<div style=\"height:35px\" aria-hidden=\"true\" class=\"wp-block-spacer\"><\/div>\n\n\n\n<div id=\"Zakres-uslug\" class=\"wp-block-group is-layout-grid wp-container-core-group-is-layout-80bdc111 wp-block-group-is-layout-grid\" style=\"min-height:86px;margin-top:0;margin-bottom:0;padding-top:0;padding-bottom:0\">\n<div class=\"wp-block-group wp-container-content-a47d7933 has-global-padding is-layout-constrained wp-container-core-group-is-layout-a18770ca wp-block-group-is-layout-constrained\" style=\"min-height:0px\">\n<figure class=\"wp-block-image aligncenter size-large is-resized is-style-default\"><a href=\"https:\/\/ahjkancelaria.pl\/?page_id=294#spory-sadowe\"><img loading=\"lazy\" decoding=\"async\" width=\"1024\" height=\"1024\" src=\"https:\/\/ahjkancelaria.pl\/wp-content\/uploads\/2024\/11\/waga-final-1024x1024.png\" alt=\"\" class=\"wp-image-286\" style=\"object-fit:cover;width:100px;height:auto\" srcset=\"https:\/\/ahjkancelaria.pl\/wp-content\/uploads\/2024\/11\/waga-final-1024x1024.png 1024w, https:\/\/ahjkancelaria.pl\/wp-content\/uploads\/2024\/11\/waga-final-300x300.png 300w, https:\/\/ahjkancelaria.pl\/wp-content\/uploads\/2024\/11\/waga-final-150x150.png 150w, https:\/\/ahjkancelaria.pl\/wp-content\/uploads\/2024\/11\/waga-final-768x768.png 768w, https:\/\/ahjkancelaria.pl\/wp-content\/uploads\/2024\/11\/waga-final.png 1080w\" sizes=\"auto, (max-width: 1024px) 100vw, 1024px\" \/><\/a><\/figure>\n\n\n\n<p class=\"has-text-align-center has-small-font-size\" style=\"margin-top:0;margin-bottom:0\"><a href=\"https:\/\/ahjkancelaria.pl\/?page_id=294#spory-sadowe\" data-type=\"page\" data-id=\"294\">Procesy s\u0105dowe<\/a><\/p>\n<\/div>\n\n\n\n<div class=\"wp-block-group has-global-padding is-layout-constrained wp-block-group-is-layout-constrained\">\n<figure class=\"wp-block-image aligncenter size-large is-resized\"><a href=\"https:\/\/ahjkancelaria.pl\/?page_id=296#podzial\"><img loading=\"lazy\" decoding=\"async\" width=\"1024\" height=\"1024\" src=\"https:\/\/ahjkancelaria.pl\/wp-content\/uploads\/2024\/11\/spadki-final-1024x1024.png\" alt=\"\" class=\"wp-image-285\" style=\"object-fit:cover;width:100px;height:100px\" srcset=\"https:\/\/ahjkancelaria.pl\/wp-content\/uploads\/2024\/11\/spadki-final-1024x1024.png 1024w, https:\/\/ahjkancelaria.pl\/wp-content\/uploads\/2024\/11\/spadki-final-300x300.png 300w, https:\/\/ahjkancelaria.pl\/wp-content\/uploads\/2024\/11\/spadki-final-150x150.png 150w, https:\/\/ahjkancelaria.pl\/wp-content\/uploads\/2024\/11\/spadki-final-768x768.png 768w, https:\/\/ahjkancelaria.pl\/wp-content\/uploads\/2024\/11\/spadki-final.png 1080w\" sizes=\"auto, (max-width: 1024px) 100vw, 1024px\" \/><\/a><\/figure>\n\n\n\n<p class=\"has-text-align-center has-small-font-size\" style=\"margin-top:0;margin-right:0;margin-bottom:0;margin-left:0\"><a href=\"https:\/\/ahjkancelaria.pl\/?page_id=296#podzial\" data-type=\"page\" data-id=\"296\">Podzia\u0142y maj\u0105tku i spadki<\/a><\/p>\n<\/div>\n\n\n\n<div class=\"wp-block-group has-global-padding is-layout-constrained wp-block-group-is-layout-constrained\">\n<figure class=\"wp-block-image aligncenter size-large is-resized\"><a href=\"https:\/\/ahjkancelaria.pl\/?page_id=245#prawo-rodzinne\"><img loading=\"lazy\" decoding=\"async\" width=\"1024\" height=\"1024\" src=\"https:\/\/ahjkancelaria.pl\/wp-content\/uploads\/2024\/11\/serce-final-1024x1024.png\" alt=\"\" class=\"wp-image-292\" style=\"object-fit:cover;width:100px;height:100px\" srcset=\"https:\/\/ahjkancelaria.pl\/wp-content\/uploads\/2024\/11\/serce-final-1024x1024.png 1024w, https:\/\/ahjkancelaria.pl\/wp-content\/uploads\/2024\/11\/serce-final-300x300.png 300w, https:\/\/ahjkancelaria.pl\/wp-content\/uploads\/2024\/11\/serce-final-150x150.png 150w, https:\/\/ahjkancelaria.pl\/wp-content\/uploads\/2024\/11\/serce-final-768x768.png 768w, https:\/\/ahjkancelaria.pl\/wp-content\/uploads\/2024\/11\/serce-final.png 1080w\" sizes=\"auto, (max-width: 1024px) 100vw, 1024px\" \/><\/a><\/figure>\n\n\n\n<p class=\"has-text-align-center has-lato-font-family has-small-font-size\" style=\"margin-top:0;margin-right:0;margin-bottom:0;margin-left:0;font-style:normal;font-weight:500\"><a href=\"https:\/\/ahjkancelaria.pl\/?page_id=245#prawo-rodzinne\" data-type=\"page\" data-id=\"245\">Prawo rodzinne<\/a><\/p>\n<\/div>\n\n\n\n<div class=\"wp-block-group has-global-padding is-layout-constrained wp-block-group-is-layout-constrained\">\n<figure class=\"wp-block-image aligncenter size-large is-resized\"><a href=\"https:\/\/ahjkancelaria.pl\/?page_id=300#umowy\"><img loading=\"lazy\" decoding=\"async\" width=\"1024\" height=\"1024\" src=\"https:\/\/ahjkancelaria.pl\/wp-content\/uploads\/2024\/11\/konik-final-1024x1024.png\" alt=\"\" class=\"wp-image-288\" style=\"object-fit:cover;width:100px;height:100px\" srcset=\"https:\/\/ahjkancelaria.pl\/wp-content\/uploads\/2024\/11\/konik-final-1024x1024.png 1024w, https:\/\/ahjkancelaria.pl\/wp-content\/uploads\/2024\/11\/konik-final-300x300.png 300w, https:\/\/ahjkancelaria.pl\/wp-content\/uploads\/2024\/11\/konik-final-150x150.png 150w, https:\/\/ahjkancelaria.pl\/wp-content\/uploads\/2024\/11\/konik-final-768x768.png 768w, https:\/\/ahjkancelaria.pl\/wp-content\/uploads\/2024\/11\/konik-final.png 1080w\" sizes=\"auto, (max-width: 1024px) 100vw, 1024px\" \/><\/a><\/figure>\n\n\n\n<p class=\"has-text-align-center has-small-font-size\" style=\"margin-top:0;margin-bottom:0\"><a href=\"https:\/\/ahjkancelaria.pl\/?page_id=300#umowy\" data-type=\"page\" data-id=\"300\">Umowy<\/a><\/p>\n<\/div>\n\n\n\n<div class=\"wp-block-group has-global-padding is-layout-constrained wp-block-group-is-layout-constrained\">\n<figure class=\"wp-block-image aligncenter size-large is-resized\"><a href=\"https:\/\/ahjkancelaria.pl\/?page_id=302#osbluga\"><img loading=\"lazy\" decoding=\"async\" width=\"1024\" height=\"1024\" src=\"https:\/\/ahjkancelaria.pl\/wp-content\/uploads\/2024\/11\/zarowka-final-1024x1024.png\" alt=\"\" class=\"wp-image-287\" style=\"object-fit:cover;width:100px;height:100px\" srcset=\"https:\/\/ahjkancelaria.pl\/wp-content\/uploads\/2024\/11\/zarowka-final-1024x1024.png 1024w, https:\/\/ahjkancelaria.pl\/wp-content\/uploads\/2024\/11\/zarowka-final-300x300.png 300w, https:\/\/ahjkancelaria.pl\/wp-content\/uploads\/2024\/11\/zarowka-final-150x150.png 150w, https:\/\/ahjkancelaria.pl\/wp-content\/uploads\/2024\/11\/zarowka-final-768x768.png 768w, https:\/\/ahjkancelaria.pl\/wp-content\/uploads\/2024\/11\/zarowka-final.png 1080w\" sizes=\"auto, (max-width: 1024px) 100vw, 1024px\" \/><\/a><\/figure>\n\n\n\n<p class=\"has-text-align-center has-small-font-size\" style=\"margin-top:0;margin-bottom:0\"><a href=\"https:\/\/ahjkancelaria.pl\/?page_id=302#obsluga\" data-type=\"page\" data-id=\"302\">Obs\u0142uga przedsi\u0119biorc\u00f3w<\/a><\/p>\n<\/div>\n\n\n\n<div class=\"wp-block-group has-global-padding is-layout-constrained wp-block-group-is-layout-constrained\">\n<figure class=\"wp-block-image aligncenter size-large is-resized\"><a href=\"https:\/\/ahjkancelaria.pl\/?page_id=304#sportowe\"><img loading=\"lazy\" decoding=\"async\" width=\"1024\" height=\"1024\" src=\"https:\/\/ahjkancelaria.pl\/wp-content\/uploads\/2024\/11\/pilka-final-1024x1024.png\" alt=\"\" class=\"wp-image-289\" style=\"object-fit:cover;width:100px;height:100px\" srcset=\"https:\/\/ahjkancelaria.pl\/wp-content\/uploads\/2024\/11\/pilka-final-1024x1024.png 1024w, https:\/\/ahjkancelaria.pl\/wp-content\/uploads\/2024\/11\/pilka-final-300x300.png 300w, https:\/\/ahjkancelaria.pl\/wp-content\/uploads\/2024\/11\/pilka-final-150x150.png 150w, https:\/\/ahjkancelaria.pl\/wp-content\/uploads\/2024\/11\/pilka-final-768x768.png 768w, https:\/\/ahjkancelaria.pl\/wp-content\/uploads\/2024\/11\/pilka-final.png 1080w\" sizes=\"auto, (max-width: 1024px) 100vw, 1024px\" \/><\/a><\/figure>\n\n\n\n<p class=\"has-text-align-center has-small-font-size\" style=\"margin-top:0;margin-bottom:0\"><a href=\"https:\/\/ahjkancelaria.pl\/?page_id=304#sportowe\" data-type=\"page\" data-id=\"304\">Prawo sportowe<\/a><\/p>\n<\/div>\n<\/div>\n\n\n\n<div style=\"height:50px\" aria-hidden=\"true\" class=\"wp-block-spacer\"><\/div>\n","protected":false},"excerpt":{"rendered":"<p>Prawo rodzinne Rozpad rodziny to zawsze trudne do\u015bwiadczenie, wymagaj\u0105ce od pe\u0142nomocnika z jednej strony empatii, z drugiej trze\u017awego ogl\u0105du sytuacji. To wszystko oferuj\u0119 moim klientom. Sama b\u0119d\u0105c rodzicem, szczeg\u00f3ln\u0105 wag\u0119 przyk\u0142adam do dobra ma\u0142oletnich dzieci, ka\u017cdorazowo proponuj\u0105c rozwi\u0105zania dostosowane do ich wieku i potrzeb. \u015awiadcz\u0119 pomoc prawn\u0105 w zakresie nast\u0119puj\u0105cych spraw rodzinnych, w tym z [&hellip;]<\/p>\n","protected":false},"author":1,"featured_media":0,"parent":0,"menu_order":0,"comment_status":"closed","ping_status":"closed","template":"","meta":{"footnotes":""},"class_list":["post-245","page","type-page","status-publish","hentry"],"_links":{"self":[{"href":"https:\/\/ahjkancelaria.pl\/index.php?rest_route=\/wp\/v2\/pages\/245","targetHints":{"allow":["GET"]}}],"collection":[{"href":"https:\/\/ahjkancelaria.pl\/index.php?rest_route=\/wp\/v2\/pages"}],"about":[{"href":"https:\/\/ahjkancelaria.pl\/index.php?rest_route=\/wp\/v2\/types\/page"}],"author":[{"embeddable":true,"href":"https:\/\/ahjkancelaria.pl\/index.php?rest_route=\/wp\/v2\/users\/1"}],"replies":[{"embeddable":true,"href":"https:\/\/ahjkancelaria.pl\/index.php?rest_route=%2Fwp%2Fv2%2Fcomments&post=245"}],"version-history":[{"count":12,"href":"https:\/\/ahjkancelaria.pl\/index.php?rest_route=\/wp\/v2\/pages\/245\/revisions"}],"predecessor-version":[{"id":578,"href":"https:\/\/ahjkancelaria.pl\/index.php?rest_route=\/wp\/v2\/pages\/245\/revisions\/578"}],"wp:attachment":[{"href":"https:\/\/ahjkancelaria.pl\/index.php?rest_route=%2Fwp%2Fv2%2Fmedia&parent=245"}],"curies":[{"name":"wp","href":"https:\/\/api.w.org\/{rel}","templated":true}]}}