{"id":294,"date":"2024-11-12T18:22:05","date_gmt":"2024-11-12T18:22:05","guid":{"rendered":"https:\/\/ahjkancelaria.pl\/?page_id=294"},"modified":"2024-12-09T22:03:22","modified_gmt":"2024-12-09T22:03:22","slug":"spory-sadowe","status":"publish","type":"page","link":"https:\/\/ahjkancelaria.pl\/?page_id=294","title":{"rendered":"Procesy s\u0105dowe"},"content":{"rendered":"\n<div style=\"height:30px\" aria-hidden=\"true\" class=\"wp-block-spacer\"><\/div>\n\n\n\n<p class=\"has-accent-4-color has-text-color has-link-color has-lato-font-family wp-elements-6ffb92fa68d16090480db27ccedd3de7\" id=\"spory-sadowe\" style=\"font-size:clamp(0.984rem, 0.984rem + ((1vw - 0.2rem) * 0.86), 1.5rem);font-style:normal;font-weight:300\">Procesy s\u0105dowe<\/p>\n\n\n\n<p class=\"has-lato-font-family\" style=\"margin-top:var(--wp--preset--spacing--10);margin-bottom:var(--wp--preset--spacing--10);font-style:normal;font-weight:300\">Posiadam wieloletnie do\u015bwiadczenie w reprezentowaniu klient\u00f3w przed s\u0105dami w sprawach cywilnych oraz karnych, na wszystkich etapach post\u0119powania, w tym przed S\u0105dem Najwy\u017cszym. Prowadzenie procesu zawsze traktuj\u0119 jako wyzwanie, a do ka\u017cdej sprawy podchodz\u0119 indywidualnie, skrupulatnie buduj\u0105c strategi\u0119 procesow\u0105.<\/p>\n\n\n\n<p class=\"has-lato-font-family\" style=\"font-style:normal;font-weight:300\">Najciekawsze sprawy w mojej dotychczasowej praktyce to m.in:<\/p>\n\n\n\n<ul style=\"font-style:normal;font-weight:300\" class=\"wp-block-list has-lato-font-family\">\n<li>sprawa o zado\u015b\u0107uczynienie w zwi\u0105zku z b\u0142\u0119dem medycznym, gdzie reprezentowa\u0142am poszkodowane dziecko i jego rodzic\u00f3w;<\/li>\n<\/ul>\n\n\n\n<ul style=\"font-style:normal;font-weight:300\" class=\"wp-block-list has-lato-font-family\">\n<li>sprawa o zado\u015b\u0107uczynienie w zwi\u0105zku z \u015bmiertelnym wypadkiem przy pracy;<\/li>\n<\/ul>\n\n\n\n<ul style=\"font-style:normal;font-weight:300\" class=\"wp-block-list has-lato-font-family\">\n<li>sprawa o stwierdzenie niewa\u017cno\u015bci umowy inwestycyjnej w zakresie dotycz\u0105cym zakazu konkurencji oraz dochodzenie zwi\u0105zanych z ni\u0105 roszcze\u0144 o zap\u0142at\u0119;<\/li>\n<\/ul>\n\n\n\n<ul style=\"font-style:normal;font-weight:300\" class=\"wp-block-list has-lato-font-family\">\n<li>z\u0142o\u017cone post\u0119powanie o stwierdzenie niezgodno\u015bci ksi\u0119gi wieczystej z rzeczywistym stanie prawnym;<\/li>\n<\/ul>\n\n\n\n<ul style=\"font-style:normal;font-weight:300\" class=\"wp-block-list has-lato-font-family\">\n<li>szereg post\u0119powa\u0144 cywilnych dotycz\u0105cych przedsi\u0119wzi\u0119cia deweloperskiego, o wielomilionowej warto\u015bci przedmiotu sporu;<\/li>\n<\/ul>\n\n\n\n<ul style=\"font-style:normal;font-weight:300\" class=\"wp-block-list has-lato-font-family\">\n<li>sprawa o zap\u0142at\u0119 w zwi\u0105zku z dzia\u0142aniem na szkod\u0119 sp\u00f3\u0142ki przez jej cz\u0142onk\u00f3w zarz\u0105du, po\u0142\u0105czona z w\u0105tkiem karnym;<\/li>\n<\/ul>\n\n\n\n<ul style=\"font-style:normal;font-weight:300\" class=\"wp-block-list is-style-default has-lato-font-family\">\n<li>sprawa dotycz\u0105ca odpowiedzialno\u015bci maj\u0105tkowej cz\u0142onk\u00f3w zarz\u0105du sp\u00f3\u0142ki akcyjnej wzgl\u0119dem jej wierzycieli w zwi\u0105zku z zaistnieniem stanu niewyp\u0142acalno\u015bci.<\/li>\n<\/ul>\n\n\n\n<div style=\"height:50px\" aria-hidden=\"true\" class=\"wp-block-spacer\"><\/div>\n\n\n\n<div id=\"Zakres-uslug\" class=\"wp-block-group is-layout-grid wp-container-core-group-is-layout-80bdc111 wp-block-group-is-layout-grid\" style=\"min-height:86px;margin-top:0;margin-bottom:0;padding-top:0;padding-bottom:0\">\n<div class=\"wp-block-group wp-container-content-a47d7933 has-global-padding is-layout-constrained wp-container-core-group-is-layout-a18770ca wp-block-group-is-layout-constrained\" style=\"min-height:0px\">\n<figure class=\"wp-block-image aligncenter size-large is-resized is-style-default\"><a href=\"https:\/\/ahjkancelaria.pl\/?page_id=294#spory-sadowe\"><img loading=\"lazy\" decoding=\"async\" width=\"1024\" height=\"1024\" src=\"https:\/\/ahjkancelaria.pl\/wp-content\/uploads\/2024\/11\/waga-final-1024x1024.png\" alt=\"\" class=\"wp-image-286\" style=\"object-fit:cover;width:100px;height:auto\" srcset=\"https:\/\/ahjkancelaria.pl\/wp-content\/uploads\/2024\/11\/waga-final-1024x1024.png 1024w, https:\/\/ahjkancelaria.pl\/wp-content\/uploads\/2024\/11\/waga-final-300x300.png 300w, https:\/\/ahjkancelaria.pl\/wp-content\/uploads\/2024\/11\/waga-final-150x150.png 150w, https:\/\/ahjkancelaria.pl\/wp-content\/uploads\/2024\/11\/waga-final-768x768.png 768w, https:\/\/ahjkancelaria.pl\/wp-content\/uploads\/2024\/11\/waga-final.png 1080w\" sizes=\"auto, (max-width: 1024px) 100vw, 1024px\" \/><\/a><\/figure>\n\n\n\n<p class=\"has-text-align-center has-small-font-size\" style=\"margin-top:0;margin-bottom:0\"><a href=\"https:\/\/ahjkancelaria.pl\/?page_id=294#spory-sadowe\" data-type=\"page\" data-id=\"294\">Procesy s\u0105dowe<\/a><\/p>\n<\/div>\n\n\n\n<div class=\"wp-block-group has-global-padding is-layout-constrained wp-block-group-is-layout-constrained\">\n<figure class=\"wp-block-image aligncenter size-large is-resized\"><a href=\"https:\/\/ahjkancelaria.pl\/?page_id=296#podzial\"><img loading=\"lazy\" decoding=\"async\" width=\"1024\" height=\"1024\" src=\"https:\/\/ahjkancelaria.pl\/wp-content\/uploads\/2024\/11\/spadki-final-1024x1024.png\" alt=\"\" class=\"wp-image-285\" style=\"object-fit:cover;width:100px;height:100px\" srcset=\"https:\/\/ahjkancelaria.pl\/wp-content\/uploads\/2024\/11\/spadki-final-1024x1024.png 1024w, https:\/\/ahjkancelaria.pl\/wp-content\/uploads\/2024\/11\/spadki-final-300x300.png 300w, https:\/\/ahjkancelaria.pl\/wp-content\/uploads\/2024\/11\/spadki-final-150x150.png 150w, https:\/\/ahjkancelaria.pl\/wp-content\/uploads\/2024\/11\/spadki-final-768x768.png 768w, https:\/\/ahjkancelaria.pl\/wp-content\/uploads\/2024\/11\/spadki-final.png 1080w\" sizes=\"auto, (max-width: 1024px) 100vw, 1024px\" \/><\/a><\/figure>\n\n\n\n<p class=\"has-text-align-center has-small-font-size\" style=\"margin-top:0;margin-right:0;margin-bottom:0;margin-left:0\"><a href=\"https:\/\/ahjkancelaria.pl\/?page_id=296#podzial\" data-type=\"page\" data-id=\"296\">Podzia\u0142y maj\u0105tku i spadki<\/a><\/p>\n<\/div>\n\n\n\n<div class=\"wp-block-group has-global-padding is-layout-constrained wp-block-group-is-layout-constrained\">\n<figure class=\"wp-block-image aligncenter size-large is-resized\"><a href=\"https:\/\/ahjkancelaria.pl\/?page_id=245#prawo-rodzinne\"><img loading=\"lazy\" decoding=\"async\" width=\"1024\" height=\"1024\" src=\"https:\/\/ahjkancelaria.pl\/wp-content\/uploads\/2024\/11\/serce-final-1024x1024.png\" alt=\"\" class=\"wp-image-292\" style=\"object-fit:cover;width:100px;height:100px\" srcset=\"https:\/\/ahjkancelaria.pl\/wp-content\/uploads\/2024\/11\/serce-final-1024x1024.png 1024w, https:\/\/ahjkancelaria.pl\/wp-content\/uploads\/2024\/11\/serce-final-300x300.png 300w, https:\/\/ahjkancelaria.pl\/wp-content\/uploads\/2024\/11\/serce-final-150x150.png 150w, https:\/\/ahjkancelaria.pl\/wp-content\/uploads\/2024\/11\/serce-final-768x768.png 768w, https:\/\/ahjkancelaria.pl\/wp-content\/uploads\/2024\/11\/serce-final.png 1080w\" sizes=\"auto, (max-width: 1024px) 100vw, 1024px\" \/><\/a><\/figure>\n\n\n\n<p class=\"has-text-align-center has-lato-font-family has-small-font-size\" style=\"margin-top:0;margin-right:0;margin-bottom:0;margin-left:0;font-style:normal;font-weight:500\"><a href=\"https:\/\/ahjkancelaria.pl\/?page_id=245#prawo-rodzinne\" data-type=\"page\" data-id=\"245\">Prawo rodzinne<\/a><\/p>\n<\/div>\n\n\n\n<div class=\"wp-block-group has-global-padding is-layout-constrained wp-block-group-is-layout-constrained\">\n<figure class=\"wp-block-image aligncenter size-large is-resized\"><a href=\"https:\/\/ahjkancelaria.pl\/?page_id=300#umowy\"><img loading=\"lazy\" decoding=\"async\" width=\"1024\" height=\"1024\" src=\"https:\/\/ahjkancelaria.pl\/wp-content\/uploads\/2024\/11\/konik-final-1024x1024.png\" alt=\"\" class=\"wp-image-288\" style=\"object-fit:cover;width:100px;height:100px\" srcset=\"https:\/\/ahjkancelaria.pl\/wp-content\/uploads\/2024\/11\/konik-final-1024x1024.png 1024w, https:\/\/ahjkancelaria.pl\/wp-content\/uploads\/2024\/11\/konik-final-300x300.png 300w, https:\/\/ahjkancelaria.pl\/wp-content\/uploads\/2024\/11\/konik-final-150x150.png 150w, https:\/\/ahjkancelaria.pl\/wp-content\/uploads\/2024\/11\/konik-final-768x768.png 768w, https:\/\/ahjkancelaria.pl\/wp-content\/uploads\/2024\/11\/konik-final.png 1080w\" sizes=\"auto, (max-width: 1024px) 100vw, 1024px\" \/><\/a><\/figure>\n\n\n\n<p class=\"has-text-align-center has-small-font-size\" style=\"margin-top:0;margin-bottom:0\"><a href=\"https:\/\/ahjkancelaria.pl\/?page_id=300#umowy\" data-type=\"page\" data-id=\"300\">Umowy<\/a><\/p>\n<\/div>\n\n\n\n<div class=\"wp-block-group has-global-padding is-layout-constrained wp-block-group-is-layout-constrained\">\n<figure class=\"wp-block-image aligncenter size-large is-resized\"><a href=\"https:\/\/ahjkancelaria.pl\/?page_id=302#osbluga\"><img loading=\"lazy\" decoding=\"async\" width=\"1024\" height=\"1024\" src=\"https:\/\/ahjkancelaria.pl\/wp-content\/uploads\/2024\/11\/zarowka-final-1024x1024.png\" alt=\"\" class=\"wp-image-287\" style=\"object-fit:cover;width:100px;height:100px\" srcset=\"https:\/\/ahjkancelaria.pl\/wp-content\/uploads\/2024\/11\/zarowka-final-1024x1024.png 1024w, https:\/\/ahjkancelaria.pl\/wp-content\/uploads\/2024\/11\/zarowka-final-300x300.png 300w, https:\/\/ahjkancelaria.pl\/wp-content\/uploads\/2024\/11\/zarowka-final-150x150.png 150w, https:\/\/ahjkancelaria.pl\/wp-content\/uploads\/2024\/11\/zarowka-final-768x768.png 768w, https:\/\/ahjkancelaria.pl\/wp-content\/uploads\/2024\/11\/zarowka-final.png 1080w\" sizes=\"auto, (max-width: 1024px) 100vw, 1024px\" \/><\/a><\/figure>\n\n\n\n<p class=\"has-text-align-center has-small-font-size\" style=\"margin-top:0;margin-bottom:0\"><a href=\"https:\/\/ahjkancelaria.pl\/?page_id=302#obsluga\" data-type=\"page\" data-id=\"302\">Obs\u0142uga przedsi\u0119biorc\u00f3w<\/a><\/p>\n<\/div>\n\n\n\n<div class=\"wp-block-group has-global-padding is-layout-constrained wp-block-group-is-layout-constrained\">\n<figure class=\"wp-block-image aligncenter size-large is-resized\"><a href=\"https:\/\/ahjkancelaria.pl\/?page_id=304#sportowe\"><img loading=\"lazy\" decoding=\"async\" width=\"1024\" height=\"1024\" src=\"https:\/\/ahjkancelaria.pl\/wp-content\/uploads\/2024\/11\/pilka-final-1024x1024.png\" alt=\"\" class=\"wp-image-289\" style=\"object-fit:cover;width:100px;height:100px\" srcset=\"https:\/\/ahjkancelaria.pl\/wp-content\/uploads\/2024\/11\/pilka-final-1024x1024.png 1024w, https:\/\/ahjkancelaria.pl\/wp-content\/uploads\/2024\/11\/pilka-final-300x300.png 300w, https:\/\/ahjkancelaria.pl\/wp-content\/uploads\/2024\/11\/pilka-final-150x150.png 150w, https:\/\/ahjkancelaria.pl\/wp-content\/uploads\/2024\/11\/pilka-final-768x768.png 768w, https:\/\/ahjkancelaria.pl\/wp-content\/uploads\/2024\/11\/pilka-final.png 1080w\" sizes=\"auto, (max-width: 1024px) 100vw, 1024px\" \/><\/a><\/figure>\n\n\n\n<p class=\"has-text-align-center has-small-font-size\" style=\"margin-top:0;margin-bottom:0\"><a href=\"https:\/\/ahjkancelaria.pl\/?page_id=304#sportowe\" data-type=\"page\" data-id=\"304\">Prawo sportowe<\/a><\/p>\n<\/div>\n<\/div>\n\n\n\n<div style=\"height:50px\" aria-hidden=\"true\" class=\"wp-block-spacer\"><\/div>\n","protected":false},"excerpt":{"rendered":"<p>Procesy s\u0105dowe Posiadam wieloletnie do\u015bwiadczenie w reprezentowaniu klient\u00f3w przed s\u0105dami w sprawach cywilnych oraz karnych, na wszystkich etapach post\u0119powania, w tym przed S\u0105dem Najwy\u017cszym. Prowadzenie procesu zawsze traktuj\u0119 jako wyzwanie, a do ka\u017cdej sprawy podchodz\u0119 indywidualnie, skrupulatnie buduj\u0105c strategi\u0119 procesow\u0105. Najciekawsze sprawy w mojej dotychczasowej praktyce to m.in:<\/p>\n","protected":false},"author":1,"featured_media":0,"parent":0,"menu_order":0,"comment_status":"closed","ping_status":"closed","template":"","meta":{"footnotes":""},"class_list":["post-294","page","type-page","status-publish","hentry"],"_links":{"self":[{"href":"https:\/\/ahjkancelaria.pl\/index.php?rest_route=\/wp\/v2\/pages\/294","targetHints":{"allow":["GET"]}}],"collection":[{"href":"https:\/\/ahjkancelaria.pl\/index.php?rest_route=\/wp\/v2\/pages"}],"about":[{"href":"https:\/\/ahjkancelaria.pl\/index.php?rest_route=\/wp\/v2\/types\/page"}],"author":[{"embeddable":true,"href":"https:\/\/ahjkancelaria.pl\/index.php?rest_route=\/wp\/v2\/users\/1"}],"replies":[{"embeddable":true,"href":"https:\/\/ahjkancelaria.pl\/index.php?rest_route=%2Fwp%2Fv2%2Fcomments&post=294"}],"version-history":[{"count":12,"href":"https:\/\/ahjkancelaria.pl\/index.php?rest_route=\/wp\/v2\/pages\/294\/revisions"}],"predecessor-version":[{"id":574,"href":"https:\/\/ahjkancelaria.pl\/index.php?rest_route=\/wp\/v2\/pages\/294\/revisions\/574"}],"wp:attachment":[{"href":"https:\/\/ahjkancelaria.pl\/index.php?rest_route=%2Fwp%2Fv2%2Fmedia&parent=294"}],"curies":[{"name":"wp","href":"https:\/\/api.w.org\/{rel}","templated":true}]}}