{"id":296,"date":"2024-11-12T18:23:41","date_gmt":"2024-11-12T18:23:41","guid":{"rendered":"https:\/\/ahjkancelaria.pl\/?page_id=296"},"modified":"2024-12-09T22:05:30","modified_gmt":"2024-12-09T22:05:30","slug":"podzialy-majatku-i-spadki","status":"publish","type":"page","link":"https:\/\/ahjkancelaria.pl\/?page_id=296","title":{"rendered":"Podzia\u0142y maj\u0105tku i spadki"},"content":{"rendered":"\n<div style=\"height:35px\" aria-hidden=\"true\" class=\"wp-block-spacer\"><\/div>\n\n\n\n<p class=\"has-accent-4-color has-text-color has-link-color wp-elements-388355ba7e8873043821cadd57834640\" id=\"podzial\" style=\"font-size:clamp(0.984rem, 0.984rem + ((1vw - 0.2rem) * 0.86), 1.5rem);\">Podzia\u0142y maj\u0105tku i spadki<\/p>\n\n\n\n<p class=\"has-lato-font-family\" style=\"margin-top:var(--wp--preset--spacing--10);margin-bottom:var(--wp--preset--spacing--10);font-style:normal;font-weight:300\">Sytuacja, w kt\u00f3rej byli ma\u0142\u017conkowie lub spadkobiercy wsp\u00f3lnie w\u0142adaj\u0105 sk\u0142adnikami maj\u0105tkowymi mo\u017ce prowadzi\u0107 do parali\u017cu decyzyjnego oraz niepotrzebnego generowania konflikt\u00f3w. Jednocze\u015bnie podzia\u0142 maj\u0105tku, szczeg\u00f3lnie gdy w jego sk\u0142ad wchodz\u0105 nieruchomo\u015bci czy udzia\u0142y w sp\u00f3\u0142kach, jest skomplikowanym procesem wymagaj\u0105cym od pe\u0142nomocnika interdyscyplinarnego podej\u015bcia.&nbsp;<\/p>\n\n\n\n<p class=\"has-lato-font-family\" style=\"margin-top:var(--wp--preset--spacing--10);margin-bottom:var(--wp--preset--spacing--10);font-style:normal;font-weight:300\">Od pocz\u0105tku swojej praktyki pomagam klientom w tego typu sprawach. Reprezentuj\u0119 ich przed s\u0105dem lub w trakcie sporz\u0105dzania umowy przez notariuszem. Do\u015bwiadczenie zdobyte przy prowadzeniu spraw zwi\u0105zanych z obrotem nieruchomo\u015bciami oraz praca w kancelarii specjalizuj\u0105cej si\u0119 w prawie handlowym pozwala mi holistycznie spojrze\u0107 na podzia\u0142 maj\u0105tku i wypracowa\u0107 optymalne rozwi\u0105zanie.&nbsp;<\/p>\n\n\n\n<div style=\"height:35px\" aria-hidden=\"true\" class=\"wp-block-spacer\"><\/div>\n\n\n\n<div id=\"Zakres-uslug\" class=\"wp-block-group is-layout-grid wp-container-core-group-is-layout-80bdc111 wp-block-group-is-layout-grid\" style=\"min-height:86px;margin-top:0;margin-bottom:0;padding-top:0;padding-bottom:0\">\n<div class=\"wp-block-group wp-container-content-a47d7933 has-global-padding is-layout-constrained wp-container-core-group-is-layout-a18770ca wp-block-group-is-layout-constrained\" style=\"min-height:0px\">\n<figure class=\"wp-block-image aligncenter size-large is-resized is-style-default\"><a href=\"https:\/\/ahjkancelaria.pl\/?page_id=294#spory-sadowe\"><img loading=\"lazy\" decoding=\"async\" width=\"1024\" height=\"1024\" src=\"https:\/\/ahjkancelaria.pl\/wp-content\/uploads\/2024\/11\/waga-final-1024x1024.png\" alt=\"\" class=\"wp-image-286\" style=\"object-fit:cover;width:100px;height:auto\" srcset=\"https:\/\/ahjkancelaria.pl\/wp-content\/uploads\/2024\/11\/waga-final-1024x1024.png 1024w, https:\/\/ahjkancelaria.pl\/wp-content\/uploads\/2024\/11\/waga-final-300x300.png 300w, https:\/\/ahjkancelaria.pl\/wp-content\/uploads\/2024\/11\/waga-final-150x150.png 150w, https:\/\/ahjkancelaria.pl\/wp-content\/uploads\/2024\/11\/waga-final-768x768.png 768w, https:\/\/ahjkancelaria.pl\/wp-content\/uploads\/2024\/11\/waga-final.png 1080w\" sizes=\"auto, (max-width: 1024px) 100vw, 1024px\" \/><\/a><\/figure>\n\n\n\n<p class=\"has-text-align-center has-small-font-size\" style=\"margin-top:0;margin-bottom:0\"><a href=\"https:\/\/ahjkancelaria.pl\/?page_id=294#spory-sadowe\" data-type=\"page\" data-id=\"294\">Procesy s\u0105dowe<\/a><\/p>\n<\/div>\n\n\n\n<div class=\"wp-block-group has-global-padding is-layout-constrained wp-block-group-is-layout-constrained\">\n<figure class=\"wp-block-image aligncenter size-large is-resized\"><a href=\"https:\/\/ahjkancelaria.pl\/?page_id=296#podzial\"><img loading=\"lazy\" decoding=\"async\" width=\"1024\" height=\"1024\" src=\"https:\/\/ahjkancelaria.pl\/wp-content\/uploads\/2024\/11\/spadki-final-1024x1024.png\" alt=\"\" class=\"wp-image-285\" style=\"object-fit:cover;width:100px;height:100px\" srcset=\"https:\/\/ahjkancelaria.pl\/wp-content\/uploads\/2024\/11\/spadki-final-1024x1024.png 1024w, https:\/\/ahjkancelaria.pl\/wp-content\/uploads\/2024\/11\/spadki-final-300x300.png 300w, https:\/\/ahjkancelaria.pl\/wp-content\/uploads\/2024\/11\/spadki-final-150x150.png 150w, https:\/\/ahjkancelaria.pl\/wp-content\/uploads\/2024\/11\/spadki-final-768x768.png 768w, https:\/\/ahjkancelaria.pl\/wp-content\/uploads\/2024\/11\/spadki-final.png 1080w\" sizes=\"auto, (max-width: 1024px) 100vw, 1024px\" \/><\/a><\/figure>\n\n\n\n<p class=\"has-text-align-center has-small-font-size\" style=\"margin-top:0;margin-right:0;margin-bottom:0;margin-left:0\"><a href=\"https:\/\/ahjkancelaria.pl\/?page_id=296#podzial\" data-type=\"page\" data-id=\"296\">Podzia\u0142y maj\u0105tku i spadki<\/a><\/p>\n<\/div>\n\n\n\n<div class=\"wp-block-group has-global-padding is-layout-constrained wp-block-group-is-layout-constrained\">\n<figure class=\"wp-block-image aligncenter size-large is-resized\"><a href=\"https:\/\/ahjkancelaria.pl\/?page_id=245#prawo-rodzinne\"><img loading=\"lazy\" decoding=\"async\" width=\"1024\" height=\"1024\" src=\"https:\/\/ahjkancelaria.pl\/wp-content\/uploads\/2024\/11\/serce-final-1024x1024.png\" alt=\"\" class=\"wp-image-292\" style=\"object-fit:cover;width:100px;height:100px\" srcset=\"https:\/\/ahjkancelaria.pl\/wp-content\/uploads\/2024\/11\/serce-final-1024x1024.png 1024w, https:\/\/ahjkancelaria.pl\/wp-content\/uploads\/2024\/11\/serce-final-300x300.png 300w, https:\/\/ahjkancelaria.pl\/wp-content\/uploads\/2024\/11\/serce-final-150x150.png 150w, https:\/\/ahjkancelaria.pl\/wp-content\/uploads\/2024\/11\/serce-final-768x768.png 768w, https:\/\/ahjkancelaria.pl\/wp-content\/uploads\/2024\/11\/serce-final.png 1080w\" sizes=\"auto, (max-width: 1024px) 100vw, 1024px\" \/><\/a><\/figure>\n\n\n\n<p class=\"has-text-align-center has-lato-font-family has-small-font-size\" style=\"margin-top:0;margin-right:0;margin-bottom:0;margin-left:0;font-style:normal;font-weight:500\"><a href=\"https:\/\/ahjkancelaria.pl\/?page_id=245#prawo-rodzinne\" data-type=\"page\" data-id=\"245\">Prawo rodzinne<\/a><\/p>\n<\/div>\n\n\n\n<div class=\"wp-block-group has-global-padding is-layout-constrained wp-block-group-is-layout-constrained\">\n<figure class=\"wp-block-image aligncenter size-large is-resized\"><a href=\"https:\/\/ahjkancelaria.pl\/?page_id=300#umowy\"><img loading=\"lazy\" decoding=\"async\" width=\"1024\" height=\"1024\" src=\"https:\/\/ahjkancelaria.pl\/wp-content\/uploads\/2024\/11\/konik-final-1024x1024.png\" alt=\"\" class=\"wp-image-288\" style=\"object-fit:cover;width:100px;height:100px\" srcset=\"https:\/\/ahjkancelaria.pl\/wp-content\/uploads\/2024\/11\/konik-final-1024x1024.png 1024w, https:\/\/ahjkancelaria.pl\/wp-content\/uploads\/2024\/11\/konik-final-300x300.png 300w, https:\/\/ahjkancelaria.pl\/wp-content\/uploads\/2024\/11\/konik-final-150x150.png 150w, https:\/\/ahjkancelaria.pl\/wp-content\/uploads\/2024\/11\/konik-final-768x768.png 768w, https:\/\/ahjkancelaria.pl\/wp-content\/uploads\/2024\/11\/konik-final.png 1080w\" sizes=\"auto, (max-width: 1024px) 100vw, 1024px\" \/><\/a><\/figure>\n\n\n\n<p class=\"has-text-align-center has-small-font-size\" style=\"margin-top:0;margin-bottom:0\"><a href=\"https:\/\/ahjkancelaria.pl\/?page_id=300#umowy\" data-type=\"page\" data-id=\"300\">Umowy<\/a><\/p>\n<\/div>\n\n\n\n<div class=\"wp-block-group has-global-padding is-layout-constrained wp-block-group-is-layout-constrained\">\n<figure class=\"wp-block-image aligncenter size-large is-resized\"><a href=\"https:\/\/ahjkancelaria.pl\/?page_id=302#osbluga\"><img loading=\"lazy\" decoding=\"async\" width=\"1024\" height=\"1024\" src=\"https:\/\/ahjkancelaria.pl\/wp-content\/uploads\/2024\/11\/zarowka-final-1024x1024.png\" alt=\"\" class=\"wp-image-287\" style=\"object-fit:cover;width:100px;height:100px\" srcset=\"https:\/\/ahjkancelaria.pl\/wp-content\/uploads\/2024\/11\/zarowka-final-1024x1024.png 1024w, https:\/\/ahjkancelaria.pl\/wp-content\/uploads\/2024\/11\/zarowka-final-300x300.png 300w, https:\/\/ahjkancelaria.pl\/wp-content\/uploads\/2024\/11\/zarowka-final-150x150.png 150w, https:\/\/ahjkancelaria.pl\/wp-content\/uploads\/2024\/11\/zarowka-final-768x768.png 768w, https:\/\/ahjkancelaria.pl\/wp-content\/uploads\/2024\/11\/zarowka-final.png 1080w\" sizes=\"auto, (max-width: 1024px) 100vw, 1024px\" \/><\/a><\/figure>\n\n\n\n<p class=\"has-text-align-center has-small-font-size\" style=\"margin-top:0;margin-bottom:0\"><a href=\"https:\/\/ahjkancelaria.pl\/?page_id=302#obsluga\" data-type=\"page\" data-id=\"302\">Obs\u0142uga przedsi\u0119biorc\u00f3w<\/a><\/p>\n<\/div>\n\n\n\n<div class=\"wp-block-group has-global-padding is-layout-constrained wp-block-group-is-layout-constrained\">\n<figure class=\"wp-block-image aligncenter size-large is-resized\"><a href=\"https:\/\/ahjkancelaria.pl\/?page_id=304#sportowe\"><img loading=\"lazy\" decoding=\"async\" width=\"1024\" height=\"1024\" src=\"https:\/\/ahjkancelaria.pl\/wp-content\/uploads\/2024\/11\/pilka-final-1024x1024.png\" alt=\"\" class=\"wp-image-289\" style=\"object-fit:cover;width:100px;height:100px\" srcset=\"https:\/\/ahjkancelaria.pl\/wp-content\/uploads\/2024\/11\/pilka-final-1024x1024.png 1024w, https:\/\/ahjkancelaria.pl\/wp-content\/uploads\/2024\/11\/pilka-final-300x300.png 300w, https:\/\/ahjkancelaria.pl\/wp-content\/uploads\/2024\/11\/pilka-final-150x150.png 150w, https:\/\/ahjkancelaria.pl\/wp-content\/uploads\/2024\/11\/pilka-final-768x768.png 768w, https:\/\/ahjkancelaria.pl\/wp-content\/uploads\/2024\/11\/pilka-final.png 1080w\" sizes=\"auto, (max-width: 1024px) 100vw, 1024px\" \/><\/a><\/figure>\n\n\n\n<p class=\"has-text-align-center has-small-font-size\" style=\"margin-top:0;margin-bottom:0\"><a href=\"https:\/\/ahjkancelaria.pl\/?page_id=304#sportowe\" data-type=\"page\" data-id=\"304\">Prawo sportowe<\/a><\/p>\n<\/div>\n<\/div>\n\n\n\n<div style=\"height:50px\" aria-hidden=\"true\" class=\"wp-block-spacer\"><\/div>\n","protected":false},"excerpt":{"rendered":"<p>Podzia\u0142y maj\u0105tku i spadki Sytuacja, w kt\u00f3rej byli ma\u0142\u017conkowie lub spadkobiercy wsp\u00f3lnie w\u0142adaj\u0105 sk\u0142adnikami maj\u0105tkowymi mo\u017ce prowadzi\u0107 do parali\u017cu decyzyjnego oraz niepotrzebnego generowania konflikt\u00f3w. Jednocze\u015bnie podzia\u0142 maj\u0105tku, szczeg\u00f3lnie gdy w jego sk\u0142ad wchodz\u0105 nieruchomo\u015bci czy udzia\u0142y w sp\u00f3\u0142kach, jest skomplikowanym procesem wymagaj\u0105cym od pe\u0142nomocnika interdyscyplinarnego podej\u015bcia.&nbsp; Od pocz\u0105tku swojej praktyki pomagam klientom w tego typu [&hellip;]<\/p>\n","protected":false},"author":1,"featured_media":0,"parent":0,"menu_order":0,"comment_status":"closed","ping_status":"closed","template":"","meta":{"footnotes":""},"class_list":["post-296","page","type-page","status-publish","hentry"],"_links":{"self":[{"href":"https:\/\/ahjkancelaria.pl\/index.php?rest_route=\/wp\/v2\/pages\/296","targetHints":{"allow":["GET"]}}],"collection":[{"href":"https:\/\/ahjkancelaria.pl\/index.php?rest_route=\/wp\/v2\/pages"}],"about":[{"href":"https:\/\/ahjkancelaria.pl\/index.php?rest_route=\/wp\/v2\/types\/page"}],"author":[{"embeddable":true,"href":"https:\/\/ahjkancelaria.pl\/index.php?rest_route=\/wp\/v2\/users\/1"}],"replies":[{"embeddable":true,"href":"https:\/\/ahjkancelaria.pl\/index.php?rest_route=%2Fwp%2Fv2%2Fcomments&post=296"}],"version-history":[{"count":9,"href":"https:\/\/ahjkancelaria.pl\/index.php?rest_route=\/wp\/v2\/pages\/296\/revisions"}],"predecessor-version":[{"id":577,"href":"https:\/\/ahjkancelaria.pl\/index.php?rest_route=\/wp\/v2\/pages\/296\/revisions\/577"}],"wp:attachment":[{"href":"https:\/\/ahjkancelaria.pl\/index.php?rest_route=%2Fwp%2Fv2%2Fmedia&parent=296"}],"curies":[{"name":"wp","href":"https:\/\/api.w.org\/{rel}","templated":true}]}}