{"id":302,"date":"2024-11-12T18:27:45","date_gmt":"2024-11-12T18:27:45","guid":{"rendered":"https:\/\/ahjkancelaria.pl\/?page_id=302"},"modified":"2024-12-09T22:12:16","modified_gmt":"2024-12-09T22:12:16","slug":"obsluga-przedsiebiorcow","status":"publish","type":"page","link":"https:\/\/ahjkancelaria.pl\/?page_id=302","title":{"rendered":"Obs\u0142uga przedsi\u0119biorc\u00f3w"},"content":{"rendered":"\n<div style=\"height:30px\" aria-hidden=\"true\" class=\"wp-block-spacer\"><\/div>\n\n\n\n<p class=\"has-accent-4-color has-text-color has-link-color wp-elements-4df50e535a913d6990da3602461b6748\" id=\"obsluga\" style=\"font-size:clamp(0.984rem, 0.984rem + ((1vw - 0.2rem) * 0.86), 1.5rem);font-style:normal;font-weight:300\">Obs\u0142uga przedsi\u0119biorc\u00f3w<\/p>\n\n\n\n<p style=\"font-style:normal;font-weight:300\">\u015awiadcz\u0119 pomoc prawn\u0105 w bie\u017c\u0105cej obs\u0142udze przedsi\u0119biorc\u00f3w. Swobodnie poruszam si\u0119 w meandrach prawa sp\u00f3\u0142ek, prawa um\u00f3w czy prawa pracy. Sama b\u0119d\u0105c przedsi\u0119biorc\u0105 potrafi\u0119 zrozumie\u0107 potrzeby moich klient\u00f3w, wychodz\u0119 z inicjatyw\u0105 oraz dopasowuj\u0119 pomys\u0142y biznesowe do ram prawnych.<\/p>\n\n\n\n<p style=\"margin-top:var(--wp--preset--spacing--10);margin-bottom:var(--wp--preset--spacing--10);font-style:normal;font-weight:300\">W ramach obs\u0142ugi przedsi\u0119biorc\u00f3w proponuj\u0119 sta\u0142\u0105 obs\u0142ug\u0119 lub wsp\u00f3\u0142prac\u0119 w ramach konkretnych projekt\u00f3w. <\/p>\n\n\n\n<div style=\"height:50px\" aria-hidden=\"true\" class=\"wp-block-spacer\"><\/div>\n\n\n\n<div id=\"Zakres-uslug\" class=\"wp-block-group is-layout-grid wp-container-core-group-is-layout-80bdc111 wp-block-group-is-layout-grid\" style=\"min-height:86px;margin-top:0;margin-bottom:0;padding-top:0;padding-bottom:0\">\n<div class=\"wp-block-group wp-container-content-a47d7933 has-global-padding is-layout-constrained wp-container-core-group-is-layout-a18770ca wp-block-group-is-layout-constrained\" style=\"min-height:0px\">\n<figure class=\"wp-block-image aligncenter size-large is-resized is-style-default\"><a href=\"https:\/\/ahjkancelaria.pl\/?page_id=294#spory-sadowe\"><img loading=\"lazy\" decoding=\"async\" width=\"1024\" height=\"1024\" src=\"https:\/\/ahjkancelaria.pl\/wp-content\/uploads\/2024\/11\/waga-final-1024x1024.png\" alt=\"\" class=\"wp-image-286\" style=\"object-fit:cover;width:100px;height:auto\" srcset=\"https:\/\/ahjkancelaria.pl\/wp-content\/uploads\/2024\/11\/waga-final-1024x1024.png 1024w, https:\/\/ahjkancelaria.pl\/wp-content\/uploads\/2024\/11\/waga-final-300x300.png 300w, https:\/\/ahjkancelaria.pl\/wp-content\/uploads\/2024\/11\/waga-final-150x150.png 150w, https:\/\/ahjkancelaria.pl\/wp-content\/uploads\/2024\/11\/waga-final-768x768.png 768w, https:\/\/ahjkancelaria.pl\/wp-content\/uploads\/2024\/11\/waga-final.png 1080w\" sizes=\"auto, (max-width: 1024px) 100vw, 1024px\" \/><\/a><\/figure>\n\n\n\n<p class=\"has-text-align-center has-small-font-size\" style=\"margin-top:0;margin-bottom:0\"><a href=\"https:\/\/ahjkancelaria.pl\/?page_id=294#spory-sadowe\" data-type=\"page\" data-id=\"294\">Procesy s\u0105dowe<\/a><\/p>\n<\/div>\n\n\n\n<div class=\"wp-block-group has-global-padding is-layout-constrained wp-block-group-is-layout-constrained\">\n<figure class=\"wp-block-image aligncenter size-large is-resized\"><a href=\"https:\/\/ahjkancelaria.pl\/?page_id=296#podzial\"><img loading=\"lazy\" decoding=\"async\" width=\"1024\" height=\"1024\" src=\"https:\/\/ahjkancelaria.pl\/wp-content\/uploads\/2024\/11\/spadki-final-1024x1024.png\" alt=\"\" class=\"wp-image-285\" style=\"object-fit:cover;width:100px;height:100px\" srcset=\"https:\/\/ahjkancelaria.pl\/wp-content\/uploads\/2024\/11\/spadki-final-1024x1024.png 1024w, https:\/\/ahjkancelaria.pl\/wp-content\/uploads\/2024\/11\/spadki-final-300x300.png 300w, https:\/\/ahjkancelaria.pl\/wp-content\/uploads\/2024\/11\/spadki-final-150x150.png 150w, https:\/\/ahjkancelaria.pl\/wp-content\/uploads\/2024\/11\/spadki-final-768x768.png 768w, https:\/\/ahjkancelaria.pl\/wp-content\/uploads\/2024\/11\/spadki-final.png 1080w\" sizes=\"auto, (max-width: 1024px) 100vw, 1024px\" \/><\/a><\/figure>\n\n\n\n<p class=\"has-text-align-center has-small-font-size\" style=\"margin-top:0;margin-right:0;margin-bottom:0;margin-left:0\"><a href=\"https:\/\/ahjkancelaria.pl\/?page_id=296#podzial\" data-type=\"page\" data-id=\"296\">Podzia\u0142y maj\u0105tku i spadki<\/a><\/p>\n<\/div>\n\n\n\n<div class=\"wp-block-group has-global-padding is-layout-constrained wp-block-group-is-layout-constrained\">\n<figure class=\"wp-block-image aligncenter size-large is-resized\"><a href=\"https:\/\/ahjkancelaria.pl\/?page_id=245#prawo-rodzinne\"><img loading=\"lazy\" decoding=\"async\" width=\"1024\" height=\"1024\" src=\"https:\/\/ahjkancelaria.pl\/wp-content\/uploads\/2024\/11\/serce-final-1024x1024.png\" alt=\"\" class=\"wp-image-292\" style=\"object-fit:cover;width:100px;height:100px\" srcset=\"https:\/\/ahjkancelaria.pl\/wp-content\/uploads\/2024\/11\/serce-final-1024x1024.png 1024w, https:\/\/ahjkancelaria.pl\/wp-content\/uploads\/2024\/11\/serce-final-300x300.png 300w, https:\/\/ahjkancelaria.pl\/wp-content\/uploads\/2024\/11\/serce-final-150x150.png 150w, https:\/\/ahjkancelaria.pl\/wp-content\/uploads\/2024\/11\/serce-final-768x768.png 768w, https:\/\/ahjkancelaria.pl\/wp-content\/uploads\/2024\/11\/serce-final.png 1080w\" sizes=\"auto, (max-width: 1024px) 100vw, 1024px\" \/><\/a><\/figure>\n\n\n\n<p class=\"has-text-align-center has-lato-font-family has-small-font-size\" style=\"margin-top:0;margin-right:0;margin-bottom:0;margin-left:0;font-style:normal;font-weight:500\"><a href=\"https:\/\/ahjkancelaria.pl\/?page_id=245#prawo-rodzinne\" data-type=\"page\" data-id=\"245\">Prawo rodzinne<\/a><\/p>\n<\/div>\n\n\n\n<div class=\"wp-block-group has-global-padding is-layout-constrained wp-block-group-is-layout-constrained\">\n<figure class=\"wp-block-image aligncenter size-large is-resized\"><a href=\"https:\/\/ahjkancelaria.pl\/?page_id=300#umowy\"><img loading=\"lazy\" decoding=\"async\" width=\"1024\" height=\"1024\" src=\"https:\/\/ahjkancelaria.pl\/wp-content\/uploads\/2024\/11\/konik-final-1024x1024.png\" alt=\"\" class=\"wp-image-288\" style=\"object-fit:cover;width:100px;height:100px\" srcset=\"https:\/\/ahjkancelaria.pl\/wp-content\/uploads\/2024\/11\/konik-final-1024x1024.png 1024w, https:\/\/ahjkancelaria.pl\/wp-content\/uploads\/2024\/11\/konik-final-300x300.png 300w, https:\/\/ahjkancelaria.pl\/wp-content\/uploads\/2024\/11\/konik-final-150x150.png 150w, https:\/\/ahjkancelaria.pl\/wp-content\/uploads\/2024\/11\/konik-final-768x768.png 768w, https:\/\/ahjkancelaria.pl\/wp-content\/uploads\/2024\/11\/konik-final.png 1080w\" sizes=\"auto, (max-width: 1024px) 100vw, 1024px\" \/><\/a><\/figure>\n\n\n\n<p class=\"has-text-align-center has-small-font-size\" style=\"margin-top:0;margin-bottom:0\"><a href=\"https:\/\/ahjkancelaria.pl\/?page_id=300#umowy\" data-type=\"page\" data-id=\"300\">Umowy<\/a><\/p>\n<\/div>\n\n\n\n<div class=\"wp-block-group has-global-padding is-layout-constrained wp-block-group-is-layout-constrained\">\n<figure class=\"wp-block-image aligncenter size-large is-resized\"><a href=\"https:\/\/ahjkancelaria.pl\/?page_id=302#osbluga\"><img loading=\"lazy\" decoding=\"async\" width=\"1024\" height=\"1024\" src=\"https:\/\/ahjkancelaria.pl\/wp-content\/uploads\/2024\/11\/zarowka-final-1024x1024.png\" alt=\"\" class=\"wp-image-287\" style=\"object-fit:cover;width:100px;height:100px\" srcset=\"https:\/\/ahjkancelaria.pl\/wp-content\/uploads\/2024\/11\/zarowka-final-1024x1024.png 1024w, https:\/\/ahjkancelaria.pl\/wp-content\/uploads\/2024\/11\/zarowka-final-300x300.png 300w, https:\/\/ahjkancelaria.pl\/wp-content\/uploads\/2024\/11\/zarowka-final-150x150.png 150w, https:\/\/ahjkancelaria.pl\/wp-content\/uploads\/2024\/11\/zarowka-final-768x768.png 768w, https:\/\/ahjkancelaria.pl\/wp-content\/uploads\/2024\/11\/zarowka-final.png 1080w\" sizes=\"auto, (max-width: 1024px) 100vw, 1024px\" \/><\/a><\/figure>\n\n\n\n<p class=\"has-text-align-center has-small-font-size\" style=\"margin-top:0;margin-bottom:0\"><a href=\"https:\/\/ahjkancelaria.pl\/?page_id=302#obsluga\" data-type=\"page\" data-id=\"302\">Obs\u0142uga przedsi\u0119biorc\u00f3w<\/a><\/p>\n<\/div>\n\n\n\n<div class=\"wp-block-group has-global-padding is-layout-constrained wp-block-group-is-layout-constrained\">\n<figure class=\"wp-block-image aligncenter size-large is-resized\"><a href=\"https:\/\/ahjkancelaria.pl\/?page_id=304#sportowe\"><img loading=\"lazy\" decoding=\"async\" width=\"1024\" height=\"1024\" src=\"https:\/\/ahjkancelaria.pl\/wp-content\/uploads\/2024\/11\/pilka-final-1024x1024.png\" alt=\"\" class=\"wp-image-289\" style=\"object-fit:cover;width:100px;height:100px\" srcset=\"https:\/\/ahjkancelaria.pl\/wp-content\/uploads\/2024\/11\/pilka-final-1024x1024.png 1024w, https:\/\/ahjkancelaria.pl\/wp-content\/uploads\/2024\/11\/pilka-final-300x300.png 300w, https:\/\/ahjkancelaria.pl\/wp-content\/uploads\/2024\/11\/pilka-final-150x150.png 150w, https:\/\/ahjkancelaria.pl\/wp-content\/uploads\/2024\/11\/pilka-final-768x768.png 768w, https:\/\/ahjkancelaria.pl\/wp-content\/uploads\/2024\/11\/pilka-final.png 1080w\" sizes=\"auto, (max-width: 1024px) 100vw, 1024px\" \/><\/a><\/figure>\n\n\n\n<p class=\"has-text-align-center has-small-font-size\" style=\"margin-top:0;margin-bottom:0\"><a href=\"https:\/\/ahjkancelaria.pl\/?page_id=304#sportowe\" data-type=\"page\" data-id=\"304\">Prawo sportowe<\/a><\/p>\n<\/div>\n<\/div>\n\n\n\n<div style=\"height:50px\" aria-hidden=\"true\" class=\"wp-block-spacer\"><\/div>\n","protected":false},"excerpt":{"rendered":"<p>Obs\u0142uga przedsi\u0119biorc\u00f3w \u015awiadcz\u0119 pomoc prawn\u0105 w bie\u017c\u0105cej obs\u0142udze przedsi\u0119biorc\u00f3w. Swobodnie poruszam si\u0119 w meandrach prawa sp\u00f3\u0142ek, prawa um\u00f3w czy prawa pracy. Sama b\u0119d\u0105c przedsi\u0119biorc\u0105 potrafi\u0119 zrozumie\u0107 potrzeby moich klient\u00f3w, wychodz\u0119 z inicjatyw\u0105 oraz dopasowuj\u0119 pomys\u0142y biznesowe do ram prawnych. W ramach obs\u0142ugi przedsi\u0119biorc\u00f3w proponuj\u0119 sta\u0142\u0105 obs\u0142ug\u0119 lub wsp\u00f3\u0142prac\u0119 w ramach konkretnych projekt\u00f3w.<\/p>\n","protected":false},"author":1,"featured_media":0,"parent":0,"menu_order":0,"comment_status":"closed","ping_status":"closed","template":"","meta":{"footnotes":""},"class_list":["post-302","page","type-page","status-publish","hentry"],"_links":{"self":[{"href":"https:\/\/ahjkancelaria.pl\/index.php?rest_route=\/wp\/v2\/pages\/302","targetHints":{"allow":["GET"]}}],"collection":[{"href":"https:\/\/ahjkancelaria.pl\/index.php?rest_route=\/wp\/v2\/pages"}],"about":[{"href":"https:\/\/ahjkancelaria.pl\/index.php?rest_route=\/wp\/v2\/types\/page"}],"author":[{"embeddable":true,"href":"https:\/\/ahjkancelaria.pl\/index.php?rest_route=\/wp\/v2\/users\/1"}],"replies":[{"embeddable":true,"href":"https:\/\/ahjkancelaria.pl\/index.php?rest_route=%2Fwp%2Fv2%2Fcomments&post=302"}],"version-history":[{"count":9,"href":"https:\/\/ahjkancelaria.pl\/index.php?rest_route=\/wp\/v2\/pages\/302\/revisions"}],"predecessor-version":[{"id":582,"href":"https:\/\/ahjkancelaria.pl\/index.php?rest_route=\/wp\/v2\/pages\/302\/revisions\/582"}],"wp:attachment":[{"href":"https:\/\/ahjkancelaria.pl\/index.php?rest_route=%2Fwp%2Fv2%2Fmedia&parent=302"}],"curies":[{"name":"wp","href":"https:\/\/api.w.org\/{rel}","templated":true}]}}