{"id":32,"date":"2023-10-24T19:55:27","date_gmt":"2023-10-24T19:55:27","guid":{"rendered":"https:\/\/ahjkancelaria.pl\/?page_id=32"},"modified":"2025-02-04T22:05:46","modified_gmt":"2025-02-04T22:05:46","slug":"kancelaria-adwokacka-agnieszka-haladyj-janota","status":"publish","type":"page","link":"https:\/\/ahjkancelaria.pl\/","title":{"rendered":""},"content":{"rendered":"\n<div style=\"height:20px\" aria-hidden=\"true\" id=\"O-mnie\" class=\"wp-block-spacer\"><\/div>\n\n\n\n<div class=\"wp-block-group alignwide has-global-padding is-layout-constrained wp-container-core-group-is-layout-be04af43 wp-block-group-is-layout-constrained\" style=\"margin-top:0;margin-bottom:0\">\n<div class=\"wp-block-columns alignwide is-layout-flex wp-container-core-columns-is-layout-f0342b05 wp-block-columns-is-layout-flex\" id=\"o-mnie\" style=\"margin-top:0;margin-bottom:0\">\n<div class=\"wp-block-column is-vertically-aligned-top is-layout-flow wp-block-column-is-layout-flow\" style=\"flex-basis:66%\">\n<div class=\"wp-block-columns alignwide is-layout-flex wp-container-core-columns-is-layout-28f84493 wp-block-columns-is-layout-flex\">\n<div class=\"wp-block-column is-layout-flow wp-block-column-is-layout-flow\"><\/div>\n\n\n\n<div class=\"wp-block-column justify-text-block is-layout-flow wp-block-column-is-layout-flow\" style=\"flex-basis:100%\">\n<p class=\"has-accent-4-color has-text-color has-link-color has-lato-font-family wp-elements-5361fb9112b619f5f9022c318f7340be\" style=\"font-size:clamp(0.984rem, 0.984rem + ((1vw - 0.2rem) * 0.86), 1.5rem);\">Agnieszka Ha\u0142adyj-Janota, Adwokat<\/p>\n\n\n\n<p class=\"justify-text-block has-contrast-2-color has-text-color has-link-color has-lato-font-family wp-elements-45376cdff00b57c63c00ecea71737c7e\" style=\"margin-top:var(--wp--preset--spacing--10);margin-bottom:var(--wp--preset--spacing--10);font-style:normal;font-weight:300\"><\/p>\n\n\n\n<p class=\"justify-text-block has-contrast-2-color has-text-color has-link-color wp-elements-04143773d58b1b3bc0dc78270572cef9\" style=\"margin-top:var(--wp--preset--spacing--10);margin-bottom:var(--wp--preset--spacing--10);font-style:normal;font-weight:300\">Jestem absolwentk\u0105 prawa na Uniwersytecie Jagiello\u0144skim oraz studi\u00f3w podyplomowych z zakresu prawa podatkowego w Szkole G\u0142\u00f3wnej Handlowej w Warszawie.&nbsp;Od 2018 r. jestem wpisana na list\u0119 adwokat\u00f3w przy Okr\u0119gowej Radzie Adwokackiej w Krakowie. <\/p>\n\n\n\n<p class=\"justify-text-block has-contrast-2-color has-text-color has-link-color wp-elements-b80493922c84dafde198ff94e9a620ce\" style=\"margin-top:var(--wp--preset--spacing--10);margin-bottom:var(--wp--preset--spacing--10);font-style:normal;font-weight:300\">Od ponad 10 lat \u015bwiadcz\u0119 pomoc prawn\u0105 dla przedsi\u0119biorc\u00f3w oraz os\u00f3b fizycznych. Relacj\u0119 z Klientami opieram na szczero\u015bci i zaufaniu. Starannie przygotowuj\u0119 strategi\u0119 dzia\u0142ania, d\u0105\u017c\u0105c do zabezpieczenia interes\u00f3w moich Klient\u00f3w oraz osi\u0105gni\u0119cia satysfakcjonuj\u0105cych rezultat\u00f3w.\u00a0<\/p>\n\n\n\n<p class=\"justify-text-block has-contrast-2-color has-text-color has-link-color has-lato-font-family wp-elements-3a5551818f49ae0c02645bcb6224115b\" style=\"margin-top:var(--wp--preset--spacing--10);margin-bottom:var(--wp--preset--spacing--10);font-style:normal;font-weight:300\">Pracowa\u0142am w renomowanych kancelariach, rozpoznawanych na og\u00f3lnopolskim rynku prawniczym. Zdobyty w ten spos\u00f3b kapita\u0142 wykorzystuj\u0119 obecnie w swojej codziennej pracy. Ca\u0142y czas poszerzam swoj\u0105 wiedz\u0119, uczestnicz\u0119 w konferencjach i szkoleniach, jestem na bie\u017c\u0105co ze zmianami w legislacji oraz orzecznictwie. Wiem jak porusza\u0107 si\u0119 w meandrach prawa oraz znajdowa\u0107 rozwi\u0105zania nawet w najbardziej skomplikowanych sprawach.<\/p>\n\n\n\n<p class=\"has-text-align-left justify-text-block has-contrast-2-color has-text-color has-link-color wp-elements-0147f42473dcaaf32d7711cfba8f1bf9\" style=\"margin-top:0;margin-bottom:0;font-style:normal;font-weight:300\">\u015awiadcz\u0119 pomoc prawn\u0105 w j\u0119zyku polskim, angielskim oraz hiszpa\u0144skim.<\/p>\n<\/div>\n<\/div>\n<\/div>\n\n\n\n<div class=\"wp-block-column is-vertically-aligned-top is-layout-flow wp-block-column-is-layout-flow\">\n<figure class=\"wp-block-image aligncenter size-large is-resized is-style-rounded is-style-rounded--1\"><img loading=\"lazy\" decoding=\"async\" width=\"2560\" height=\"2560\" src=\"https:\/\/ahjkancelaria.pl\/wp-content\/uploads\/2024\/11\/IMG_0167.retusz2-edited-scaled.jpg\" alt=\"\" class=\"wp-image-121\" style=\"width:277px;height:auto\" srcset=\"https:\/\/ahjkancelaria.pl\/wp-content\/uploads\/2024\/11\/IMG_0167.retusz2-edited-scaled.jpg 2560w, https:\/\/ahjkancelaria.pl\/wp-content\/uploads\/2024\/11\/IMG_0167.retusz2-edited-300x300.jpg 300w, https:\/\/ahjkancelaria.pl\/wp-content\/uploads\/2024\/11\/IMG_0167.retusz2-edited-1024x1024.jpg 1024w, https:\/\/ahjkancelaria.pl\/wp-content\/uploads\/2024\/11\/IMG_0167.retusz2-edited-150x150.jpg 150w, https:\/\/ahjkancelaria.pl\/wp-content\/uploads\/2024\/11\/IMG_0167.retusz2-edited-768x768.jpg 768w, https:\/\/ahjkancelaria.pl\/wp-content\/uploads\/2024\/11\/IMG_0167.retusz2-edited-1536x1536.jpg 1536w, https:\/\/ahjkancelaria.pl\/wp-content\/uploads\/2024\/11\/IMG_0167.retusz2-edited-2048x2048.jpg 2048w\" sizes=\"auto, (max-width: 2560px) 100vw, 2560px\" \/><\/figure>\n<\/div>\n<\/div>\n<\/div>\n\n\n\n<div style=\"height:100px\" aria-hidden=\"true\" class=\"wp-block-spacer\"><\/div>\n\n\n\n<div id=\"Zakres-uslug\" class=\"wp-block-group is-layout-grid wp-container-core-group-is-layout-80bdc111 wp-block-group-is-layout-grid\" style=\"min-height:86px;margin-top:0;margin-bottom:0;padding-top:0;padding-bottom:0\">\n<div class=\"wp-block-group has-global-padding is-layout-constrained wp-block-group-is-layout-constrained\">\n<figure class=\"wp-block-image size-large is-style-default\"><a href=\"https:\/\/ahjkancelaria.pl\/?page_id=294#spory-sadowe\"><img loading=\"lazy\" decoding=\"async\" width=\"1024\" height=\"1024\" src=\"https:\/\/ahjkancelaria.pl\/wp-content\/uploads\/2024\/11\/waga-final-1024x1024.png\" alt=\"\" class=\"wp-image-286\" srcset=\"https:\/\/ahjkancelaria.pl\/wp-content\/uploads\/2024\/11\/waga-final-1024x1024.png 1024w, https:\/\/ahjkancelaria.pl\/wp-content\/uploads\/2024\/11\/waga-final-300x300.png 300w, https:\/\/ahjkancelaria.pl\/wp-content\/uploads\/2024\/11\/waga-final-150x150.png 150w, https:\/\/ahjkancelaria.pl\/wp-content\/uploads\/2024\/11\/waga-final-768x768.png 768w, https:\/\/ahjkancelaria.pl\/wp-content\/uploads\/2024\/11\/waga-final.png 1080w\" sizes=\"auto, (max-width: 1024px) 100vw, 1024px\" \/><\/a><\/figure>\n\n\n\n<p class=\"has-text-align-center\" style=\"margin-top:0;margin-bottom:0\"><a href=\"https:\/\/ahjkancelaria.pl\/?page_id=294#spory-sadowe\" data-type=\"page\" data-id=\"294\">Procesy s\u0105dowe<\/a><\/p>\n<\/div>\n\n\n\n<div class=\"wp-block-group has-global-padding is-layout-constrained wp-block-group-is-layout-constrained\">\n<figure class=\"wp-block-image size-large\"><a href=\"https:\/\/ahjkancelaria.pl\/?page_id=296#podzial\"><img loading=\"lazy\" decoding=\"async\" width=\"1024\" height=\"1024\" src=\"https:\/\/ahjkancelaria.pl\/wp-content\/uploads\/2024\/11\/spadki-final-1024x1024.png\" alt=\"\" class=\"wp-image-285\" srcset=\"https:\/\/ahjkancelaria.pl\/wp-content\/uploads\/2024\/11\/spadki-final-1024x1024.png 1024w, https:\/\/ahjkancelaria.pl\/wp-content\/uploads\/2024\/11\/spadki-final-300x300.png 300w, https:\/\/ahjkancelaria.pl\/wp-content\/uploads\/2024\/11\/spadki-final-150x150.png 150w, https:\/\/ahjkancelaria.pl\/wp-content\/uploads\/2024\/11\/spadki-final-768x768.png 768w, https:\/\/ahjkancelaria.pl\/wp-content\/uploads\/2024\/11\/spadki-final.png 1080w\" sizes=\"auto, (max-width: 1024px) 100vw, 1024px\" \/><\/a><\/figure>\n\n\n\n<p class=\"has-text-align-center\" style=\"margin-top:0;margin-bottom:0\"><a href=\"https:\/\/ahjkancelaria.pl\/?page_id=296#podzial\" data-type=\"page\" data-id=\"296\">Podzia\u0142y maj\u0105tku i spadki<\/a><\/p>\n<\/div>\n\n\n\n<div class=\"wp-block-group has-global-padding is-layout-constrained wp-block-group-is-layout-constrained\">\n<figure class=\"wp-block-image size-large\"><a href=\"https:\/\/ahjkancelaria.pl\/?page_id=245#prawo-rodzinne\"><img loading=\"lazy\" decoding=\"async\" width=\"1024\" height=\"1024\" src=\"https:\/\/ahjkancelaria.pl\/wp-content\/uploads\/2024\/11\/serce-final-1024x1024.png\" alt=\"\" class=\"wp-image-292\" style=\"object-fit:cover\" srcset=\"https:\/\/ahjkancelaria.pl\/wp-content\/uploads\/2024\/11\/serce-final-1024x1024.png 1024w, https:\/\/ahjkancelaria.pl\/wp-content\/uploads\/2024\/11\/serce-final-300x300.png 300w, https:\/\/ahjkancelaria.pl\/wp-content\/uploads\/2024\/11\/serce-final-150x150.png 150w, https:\/\/ahjkancelaria.pl\/wp-content\/uploads\/2024\/11\/serce-final-768x768.png 768w, https:\/\/ahjkancelaria.pl\/wp-content\/uploads\/2024\/11\/serce-final.png 1080w\" sizes=\"auto, (max-width: 1024px) 100vw, 1024px\" \/><\/a><\/figure>\n\n\n\n<p class=\"has-text-align-center has-lato-font-family\" style=\"margin-top:0;margin-right:0;margin-bottom:0;margin-left:0;font-style:normal;font-weight:500\"><a href=\"https:\/\/ahjkancelaria.pl\/?page_id=245#prawo-rodzinne\" data-type=\"page\" data-id=\"245\">Prawo rodzinne<\/a><\/p>\n<\/div>\n\n\n\n<div class=\"wp-block-group has-global-padding is-layout-constrained wp-block-group-is-layout-constrained\">\n<figure class=\"wp-block-image size-large\"><a href=\"https:\/\/ahjkancelaria.pl\/?page_id=300#umowy\"><img loading=\"lazy\" decoding=\"async\" width=\"1024\" height=\"1024\" src=\"https:\/\/ahjkancelaria.pl\/wp-content\/uploads\/2024\/11\/konik-final-1024x1024.png\" alt=\"\" class=\"wp-image-288\" style=\"object-fit:cover\" srcset=\"https:\/\/ahjkancelaria.pl\/wp-content\/uploads\/2024\/11\/konik-final-1024x1024.png 1024w, https:\/\/ahjkancelaria.pl\/wp-content\/uploads\/2024\/11\/konik-final-300x300.png 300w, https:\/\/ahjkancelaria.pl\/wp-content\/uploads\/2024\/11\/konik-final-150x150.png 150w, https:\/\/ahjkancelaria.pl\/wp-content\/uploads\/2024\/11\/konik-final-768x768.png 768w, https:\/\/ahjkancelaria.pl\/wp-content\/uploads\/2024\/11\/konik-final.png 1080w\" sizes=\"auto, (max-width: 1024px) 100vw, 1024px\" \/><\/a><\/figure>\n\n\n\n<p class=\"has-text-align-center has-medium-font-size\" style=\"margin-top:0;margin-bottom:0\"><a href=\"https:\/\/ahjkancelaria.pl\/?page_id=300#umowy\" data-type=\"page\" data-id=\"300\">Umowy<\/a><\/p>\n<\/div>\n\n\n\n<div class=\"wp-block-group has-global-padding is-layout-constrained wp-block-group-is-layout-constrained\">\n<figure class=\"wp-block-image size-large\"><a href=\"https:\/\/ahjkancelaria.pl\/?page_id=302#osbluga\"><img loading=\"lazy\" decoding=\"async\" width=\"1024\" height=\"1024\" src=\"https:\/\/ahjkancelaria.pl\/wp-content\/uploads\/2024\/11\/zarowka-final-1024x1024.png\" alt=\"\" class=\"wp-image-287\" srcset=\"https:\/\/ahjkancelaria.pl\/wp-content\/uploads\/2024\/11\/zarowka-final-1024x1024.png 1024w, https:\/\/ahjkancelaria.pl\/wp-content\/uploads\/2024\/11\/zarowka-final-300x300.png 300w, https:\/\/ahjkancelaria.pl\/wp-content\/uploads\/2024\/11\/zarowka-final-150x150.png 150w, https:\/\/ahjkancelaria.pl\/wp-content\/uploads\/2024\/11\/zarowka-final-768x768.png 768w, https:\/\/ahjkancelaria.pl\/wp-content\/uploads\/2024\/11\/zarowka-final.png 1080w\" sizes=\"auto, (max-width: 1024px) 100vw, 1024px\" \/><\/a><\/figure>\n\n\n\n<p class=\"has-text-align-center has-medium-font-size\" style=\"margin-top:0;margin-bottom:0\"><a href=\"https:\/\/ahjkancelaria.pl\/?page_id=302#obsluga\" data-type=\"page\" data-id=\"302\">Obs\u0142uga przedsi\u0119biorc\u00f3w<\/a><\/p>\n<\/div>\n\n\n\n<div class=\"wp-block-group has-global-padding is-layout-constrained wp-block-group-is-layout-constrained\">\n<figure class=\"wp-block-image size-large\"><a href=\"https:\/\/ahjkancelaria.pl\/?page_id=304#sportowe\"><img loading=\"lazy\" decoding=\"async\" width=\"1024\" height=\"1024\" src=\"https:\/\/ahjkancelaria.pl\/wp-content\/uploads\/2024\/11\/pilka-final-1024x1024.png\" alt=\"\" class=\"wp-image-289\" srcset=\"https:\/\/ahjkancelaria.pl\/wp-content\/uploads\/2024\/11\/pilka-final-1024x1024.png 1024w, https:\/\/ahjkancelaria.pl\/wp-content\/uploads\/2024\/11\/pilka-final-300x300.png 300w, https:\/\/ahjkancelaria.pl\/wp-content\/uploads\/2024\/11\/pilka-final-150x150.png 150w, https:\/\/ahjkancelaria.pl\/wp-content\/uploads\/2024\/11\/pilka-final-768x768.png 768w, https:\/\/ahjkancelaria.pl\/wp-content\/uploads\/2024\/11\/pilka-final.png 1080w\" sizes=\"auto, (max-width: 1024px) 100vw, 1024px\" \/><\/a><\/figure>\n\n\n\n<p class=\"has-text-align-center\" style=\"margin-top:0;margin-bottom:0\"><a href=\"https:\/\/ahjkancelaria.pl\/?page_id=304#sportowe\" data-type=\"page\" data-id=\"304\">Prawo sportowe<\/a><\/p>\n<\/div>\n<\/div>\n\n\n\n<p><\/p>\n\n\n\n<div style=\"height:100px\" aria-hidden=\"true\" class=\"wp-block-spacer\"><\/div>\n","protected":false},"excerpt":{"rendered":"","protected":false},"author":1,"featured_media":0,"parent":0,"menu_order":0,"comment_status":"closed","ping_status":"closed","template":"","meta":{"footnotes":""},"class_list":["post-32","page","type-page","status-publish","hentry"],"_links":{"self":[{"href":"https:\/\/ahjkancelaria.pl\/index.php?rest_route=\/wp\/v2\/pages\/32","targetHints":{"allow":["GET"]}}],"collection":[{"href":"https:\/\/ahjkancelaria.pl\/index.php?rest_route=\/wp\/v2\/pages"}],"about":[{"href":"https:\/\/ahjkancelaria.pl\/index.php?rest_route=\/wp\/v2\/types\/page"}],"author":[{"embeddable":true,"href":"https:\/\/ahjkancelaria.pl\/index.php?rest_route=\/wp\/v2\/users\/1"}],"replies":[{"embeddable":true,"href":"https:\/\/ahjkancelaria.pl\/index.php?rest_route=%2Fwp%2Fv2%2Fcomments&post=32"}],"version-history":[{"count":71,"href":"https:\/\/ahjkancelaria.pl\/index.php?rest_route=\/wp\/v2\/pages\/32\/revisions"}],"predecessor-version":[{"id":662,"href":"https:\/\/ahjkancelaria.pl\/index.php?rest_route=\/wp\/v2\/pages\/32\/revisions\/662"}],"wp:attachment":[{"href":"https:\/\/ahjkancelaria.pl\/index.php?rest_route=%2Fwp%2Fv2%2Fmedia&parent=32"}],"curies":[{"name":"wp","href":"https:\/\/api.w.org\/{rel}","templated":true}]}}